{"id":2527,"date":"2021-02-05T16:09:51","date_gmt":"2021-02-05T15:09:51","guid":{"rendered":"https:\/\/casa-rosa.net\/?page_id=2527"},"modified":"2025-08-15T19:08:01","modified_gmt":"2025-08-15T17:08:01","slug":"casa-rosa-agrano-omegna-2","status":"publish","type":"page","link":"https:\/\/casa-rosa.net\/?page_id=2527&lang=it","title":{"rendered":"Casa Rosa Agrano \/ Omegna"},"content":{"rendered":"\n<p><strong>Cari visitatori,<\/strong><\/p>\n\n\n\n<p>al momento il nostro sito viene ricostruito perch\u00e9 abbiamo chiuso l&#8217;attivit\u00e0 b&amp;b.<\/p>\n\n\n\n<p>Comunque stiamo progettando nuove proposte per l&#8217;autunno 2025 con il tema della resilienza. Le attivit\u00e0 sono sempre lo yoga, gli esercizi dell&#8217;anima secondo Heinz Grill e il pane di buon gusto e salutare fatto con lievitazione da batteri lattici.<\/p>\n<p>Buon&#8217;estate<\/p>\n<p>Erika e Thomas Richter<\/p>\n\n\n","protected":false},"excerpt":{"rendered":"<p>Cari visitatori, al momento il nostro sito viene ricostruito perch\u00e9 abbiamo chiuso l&#8217;attivit\u00e0 b&amp;b. Comunque stiamo progettando nuove proposte per l&#8217;autunno 2025 con il tema della resilienza. Le attivit\u00e0 sono sempre lo yoga, gli esercizi dell&#8217;anima secondo Heinz Grill e il pane di buon gusto e salutare fatto con lievitazione da batteri lattici. Buon&#8217;estate Erika&hellip;<\/p>\n","protected":false},"author":2,"featured_media":2617,"parent":0,"menu_order":0,"comment_status":"closed","ping_status":"closed","template":"","meta":{"footnotes":""},"class_list":["post-2527","page","type-page","status-publish","has-post-thumbnail","hentry"],"_links":{"self":[{"href":"https:\/\/casa-rosa.net\/index.php?rest_route=\/wp\/v2\/pages\/2527","targetHints":{"allow":["GET"]}}],"collection":[{"href":"https:\/\/casa-rosa.net\/index.php?rest_route=\/wp\/v2\/pages"}],"about":[{"href":"https:\/\/casa-rosa.net\/index.php?rest_route=\/wp\/v2\/types\/page"}],"author":[{"embeddable":true,"href":"https:\/\/casa-rosa.net\/index.php?rest_route=\/wp\/v2\/users\/2"}],"replies":[{"embeddable":true,"href":"https:\/\/casa-rosa.net\/index.php?rest_route=%2Fwp%2Fv2%2Fcomments&post=2527"}],"version-history":[{"count":15,"href":"https:\/\/casa-rosa.net\/index.php?rest_route=\/wp\/v2\/pages\/2527\/revisions"}],"predecessor-version":[{"id":2819,"href":"https:\/\/casa-rosa.net\/index.php?rest_route=\/wp\/v2\/pages\/2527\/revisions\/2819"}],"wp:featuredmedia":[{"embeddable":true,"href":"https:\/\/casa-rosa.net\/index.php?rest_route=\/wp\/v2\/media\/2617"}],"wp:attachment":[{"href":"https:\/\/casa-rosa.net\/index.php?rest_route=%2Fwp%2Fv2%2Fmedia&parent=2527"}],"curies":[{"name":"wp","href":"https:\/\/api.w.org\/{rel}","templated":true}]}}